{"id":2032,"date":"2025-11-28T12:43:13","date_gmt":"2025-11-28T12:43:13","guid":{"rendered":"https:\/\/www.tischlerei-beelitz.com\/?page_id=2032"},"modified":"2026-03-05T13:25:18","modified_gmt":"2026-03-05T13:25:18","slug":"glossar","status":"publish","type":"page","link":"https:\/\/www.tischlerei-beelitz.com\/en\/glossar\/","title":{"rendered":"Glossary"},"content":{"rendered":"<div class=\"wp-block-uagb-container uagb-block-8ecd5811 alignfull uagb-is-root-container\"><div class=\"uagb-container-inner-blocks-wrap\">\n<div class=\"wp-block-uagb-advanced-heading uagb-block-13f2e88a\"><h1 class=\"uagb-heading-text\">Glossary<\/h1><\/div>\n<\/div><\/div>\n\n\n\n<div class=\"wp-block-uagb-container uagb-block-f138557b alignfull uagb-is-root-container\"><div class=\"uagb-container-inner-blocks-wrap\">\n<div class=\"wp-block-uagb-container uagb-block-87fc4a1d\">\n<div class=\"wp-block-uagb-info-box uagb-block-5a69282b uagb-infobox__content-wrap  uagb-infobox-icon-above-title uagb-infobox-image-valign-top\"><div class=\"uagb-ifb-content\"><div class=\"uagb-ifb-title-wrap\"><h3 class=\"uagb-ifb-title\"><a href=\"#a\">A<\/a> <a href=\"#b\">B<\/a> <a href=\"#c\">C<\/a> <a href=\"#d\">D<\/a> <a href=\"#e\">E<\/a> <a href=\"#f\">F<\/a> <a href=\"#g\">G<\/a> <a href=\"#h\">H<\/a> <a href=\"#i\">I<\/a> <a href=\"#j\">J<\/a> <a href=\"#k\">K<\/a> <a href=\"#l\">L<\/a> <a href=\"#m\">M<\/a> <a href=\"#n\">N<\/a> <a href=\"#o\">O<\/a> <a href=\"#p\">P<\/a> <a href=\"#q\">Q<\/a> <a href=\"#r\">R<\/a> <a href=\"#s\">S<\/a> <a href=\"#t\">T<\/a> <a href=\"#u\">U<\/a> <a href=\"#v\">V<\/a> <a href=\"#w\">W<\/a> <a href=\"#x\">X<\/a> <a href=\"#y\">Y<\/a> <a href=\"#z\">Z<\/a><\/h3><\/div><\/div><\/div>\n<\/div>\n\n\n\n<div class=\"wp-block-uagb-container uagb-block-1b94f710\">\n<div id=\"a\" class=\"wp-block-uagb-container uagb-layout-flex uagb-block-c85700c4 alignfull uagb-is-root-container\"><div class=\"uagb-container-inner-blocks-wrap\">\n<div class=\"wp-block-uagb-advanced-heading uagb-block-c2ea06d0\"><h2 class=\"uagb-heading-text\">A<\/h2><\/div>\n\n\n\n<ul class=\"wp-block-list\">\n<li><\/li>\n<\/ul>\n<\/div><\/div>\n\n\n\n<div id=\"b\" class=\"wp-block-uagb-container uagb-layout-flex uagb-block-31c81485 alignfull uagb-is-root-container\"><div class=\"uagb-container-inner-blocks-wrap\">\n<div class=\"wp-block-uagb-advanced-heading uagb-block-c584b09d\"><h2 class=\"uagb-heading-text\">B<\/h2><\/div>\n\n\n\n<ul class=\"wp-block-list\">\n<li><a href=\"https:\/\/www.tischlerei-beelitz.com\/en\/glossar\/brandschutzbeauftragter\/\">Fire protection officer<\/a><\/li>\n\n\n\n<li><a href=\"\/en\/glossar\/brandschutzfenster\/\">Fire protection windows<\/a><\/li>\n\n\n\n<li><a href=\"\/en\/glossar\/brandschutztuer\/\">Fire door<\/a><\/li>\n\n\n\n<li><a href=\"https:\/\/www.tischlerei-beelitz.com\/en\/glossar\/brandschutztuer-t90\/\">Fire door T90<\/a><\/li>\n\n\n\n<li><a href=\"https:\/\/www.tischlerei-beelitz.com\/en\/glossar\/brandschutzfenster-f90\/\">Fire protection window F90<\/a><\/li>\n\n\n\n<li><a href=\"https:\/\/www.tischlerei-beelitz.com\/en\/glossar\/brandschutzfenster-f30\/\">Fire protection window F30<\/a><\/li>\n\n\n\n<li><a href=\"https:\/\/www.tischlerei-beelitz.com\/en\/glossar\/brandschutzhelfer\/\" type=\"link\" id=\"https:\/\/www.tischlerei-beelitz.com\/glossar\/brandschutzhelfer\/\">Fire protection assistants<\/a><\/li>\n<\/ul>\n<\/div><\/div>\n\n\n\n<div id=\"c\" class=\"wp-block-uagb-container uagb-layout-flex uagb-block-d39d1b02 alignfull uagb-is-root-container\"><div class=\"uagb-container-inner-blocks-wrap\">\n<div class=\"wp-block-uagb-advanced-heading uagb-block-3ec15774\"><h2 class=\"uagb-heading-text\">C<\/h2><\/div>\n\n\n\n<ul class=\"wp-block-list\">\n<li><\/li>\n<\/ul>\n<\/div><\/div>\n\n\n\n<div id=\"d\" class=\"wp-block-uagb-container uagb-layout-flex uagb-block-c3b28c6c alignfull uagb-is-root-container\"><div class=\"uagb-container-inner-blocks-wrap\">\n<div class=\"wp-block-uagb-advanced-heading uagb-block-3949a3be\"><h2 class=\"uagb-heading-text\">D<\/h2><\/div>\n\n\n\n<ul class=\"wp-block-list\">\n<li><\/li>\n<\/ul>\n<\/div><\/div>\n\n\n\n<div id=\"e\" class=\"wp-block-uagb-container uagb-layout-flex uagb-block-9cc732c6 alignfull uagb-is-root-container\"><div class=\"uagb-container-inner-blocks-wrap\">\n<div class=\"wp-block-uagb-advanced-heading uagb-block-3d69c272\"><h2 class=\"uagb-heading-text\">E<\/h2><\/div>\n\n\n\n<ul class=\"wp-block-list\">\n<li><\/li>\n<\/ul>\n<\/div><\/div>\n\n\n\n<div id=\"f\" class=\"wp-block-uagb-container uagb-layout-flex uagb-block-48f14d5e alignfull uagb-is-root-container\"><div class=\"uagb-container-inner-blocks-wrap\">\n<div class=\"wp-block-uagb-advanced-heading uagb-block-6bab4da1\"><h2 class=\"uagb-heading-text\">F<\/h2><\/div>\n\n\n\n<ul class=\"wp-block-list\">\n<li><a href=\"\/en\/glossar\/f90\/\">F90<\/a><\/li>\n\n\n\n<li><a href=\"https:\/\/www.tischlerei-beelitz.com\/en\/glossar\/feuerschutzfenster\/\" type=\"page\" id=\"2223\">Fire protection windows<\/a><\/li>\n<\/ul>\n<\/div><\/div>\n\n\n\n<div id=\"g\" class=\"wp-block-uagb-container uagb-layout-flex uagb-block-c106b0a8 alignfull uagb-is-root-container\"><div class=\"uagb-container-inner-blocks-wrap\">\n<div class=\"wp-block-uagb-advanced-heading uagb-block-e04129b5\"><h2 class=\"uagb-heading-text\">G<\/h2><\/div>\n\n\n\n<ul class=\"wp-block-list\">\n<li><\/li>\n<\/ul>\n<\/div><\/div>\n\n\n\n<div id=\"h\" class=\"wp-block-uagb-container uagb-layout-flex uagb-block-a4ad2397 alignfull uagb-is-root-container\"><div class=\"uagb-container-inner-blocks-wrap\">\n<div class=\"wp-block-uagb-advanced-heading uagb-block-86bd6e17\"><h2 class=\"uagb-heading-text\">H<\/h2><\/div>\n\n\n\n<ul class=\"wp-block-list\">\n<li><\/li>\n<\/ul>\n<\/div><\/div>\n\n\n\n<div id=\"i\" class=\"wp-block-uagb-container uagb-layout-flex uagb-block-506e6483 alignfull uagb-is-root-container\"><div class=\"uagb-container-inner-blocks-wrap\">\n<div class=\"wp-block-uagb-advanced-heading uagb-block-95322aee\"><h2 class=\"uagb-heading-text\">I<\/h2><\/div>\n\n\n\n<ul class=\"wp-block-list\">\n<li><\/li>\n<\/ul>\n<\/div><\/div>\n\n\n\n<div id=\"j\" class=\"wp-block-uagb-container uagb-layout-flex uagb-block-0e726e40 alignfull uagb-is-root-container\"><div class=\"uagb-container-inner-blocks-wrap\">\n<div class=\"wp-block-uagb-advanced-heading uagb-block-e886c084\"><h2 class=\"uagb-heading-text\">J<\/h2><\/div>\n\n\n\n<ul class=\"wp-block-list\">\n<li><\/li>\n<\/ul>\n<\/div><\/div>\n\n\n\n<div id=\"k\" class=\"wp-block-uagb-container uagb-layout-flex uagb-block-857a3e9c alignfull uagb-is-root-container\"><div class=\"uagb-container-inner-blocks-wrap\">\n<div class=\"wp-block-uagb-advanced-heading uagb-block-538d88a7\"><h2 class=\"uagb-heading-text\">K<\/h2><\/div>\n\n\n\n<ul class=\"wp-block-list\">\n<li><\/li>\n<\/ul>\n<\/div><\/div>\n\n\n\n<div id=\"l\" class=\"wp-block-uagb-container uagb-layout-flex uagb-block-829608eb alignfull uagb-is-root-container\"><div class=\"uagb-container-inner-blocks-wrap\">\n<div class=\"wp-block-uagb-advanced-heading uagb-block-be1ab680\"><h2 class=\"uagb-heading-text\">L<\/h2><\/div>\n\n\n\n<ul class=\"wp-block-list\">\n<li><\/li>\n<\/ul>\n<\/div><\/div>\n\n\n\n<div id=\"m\" class=\"wp-block-uagb-container uagb-layout-flex uagb-block-854af94c alignfull uagb-is-root-container\"><div class=\"uagb-container-inner-blocks-wrap\">\n<div class=\"wp-block-uagb-advanced-heading uagb-block-c16254bd\"><h2 class=\"uagb-heading-text\">M<\/h2><\/div>\n\n\n\n<ul class=\"wp-block-list\">\n<li><\/li>\n<\/ul>\n<\/div><\/div>\n\n\n\n<div id=\"n\" class=\"wp-block-uagb-container uagb-layout-flex uagb-block-d17e1da3 alignfull uagb-is-root-container\"><div class=\"uagb-container-inner-blocks-wrap\">\n<div class=\"wp-block-uagb-advanced-heading uagb-block-43079cb8\"><h2 class=\"uagb-heading-text\">N<\/h2><\/div>\n\n\n\n<ul class=\"wp-block-list\">\n<li><\/li>\n<\/ul>\n<\/div><\/div>\n\n\n\n<div id=\"o\" class=\"wp-block-uagb-container uagb-layout-flex uagb-block-5dfe1f48 alignfull uagb-is-root-container\"><div class=\"uagb-container-inner-blocks-wrap\">\n<div class=\"wp-block-uagb-advanced-heading uagb-block-33befd7f\"><h2 class=\"uagb-heading-text\">O<\/h2><\/div>\n\n\n\n<ul class=\"wp-block-list\">\n<li><\/li>\n<\/ul>\n<\/div><\/div>\n\n\n\n<div id=\"p\" class=\"wp-block-uagb-container uagb-layout-flex uagb-block-aaaad265 alignfull uagb-is-root-container\"><div class=\"uagb-container-inner-blocks-wrap\">\n<div class=\"wp-block-uagb-advanced-heading uagb-block-db3087e6\"><h2 class=\"uagb-heading-text\">P<\/h2><\/div>\n\n\n\n<ul class=\"wp-block-list\">\n<li><\/li>\n<\/ul>\n<\/div><\/div>\n\n\n\n<div id=\"q\" class=\"wp-block-uagb-container uagb-layout-flex uagb-block-c60052e6 alignfull uagb-is-root-container\"><div class=\"uagb-container-inner-blocks-wrap\">\n<div class=\"wp-block-uagb-advanced-heading uagb-block-04bf98ff\"><h2 class=\"uagb-heading-text\">Q<\/h2><\/div>\n\n\n\n<ul class=\"wp-block-list\">\n<li><\/li>\n<\/ul>\n<\/div><\/div>\n\n\n\n<div id=\"r\" class=\"wp-block-uagb-container uagb-layout-flex uagb-block-9c8a80af alignfull uagb-is-root-container\"><div class=\"uagb-container-inner-blocks-wrap\">\n<div class=\"wp-block-uagb-advanced-heading uagb-block-973333ee\"><h2 class=\"uagb-heading-text\">R<\/h2><\/div>\n\n\n\n<ul class=\"wp-block-list\">\n<li><\/li>\n<\/ul>\n<\/div><\/div>\n\n\n\n<div id=\"s\" class=\"wp-block-uagb-container uagb-layout-flex uagb-block-b2c2cfc3 alignfull uagb-is-root-container\"><div class=\"uagb-container-inner-blocks-wrap\">\n<div class=\"wp-block-uagb-advanced-heading uagb-block-8947a19a\"><h2 class=\"uagb-heading-text\">S<\/h2><\/div>\n\n\n\n<ul class=\"wp-block-list\">\n<li><\/li>\n<\/ul>\n<\/div><\/div>\n\n\n\n<div id=\"t\" class=\"wp-block-uagb-container uagb-layout-flex uagb-block-ed7e455e alignfull uagb-is-root-container\"><div class=\"uagb-container-inner-blocks-wrap\">\n<div class=\"wp-block-uagb-advanced-heading uagb-block-753c1bcb\"><h2 class=\"uagb-heading-text\">T<\/h2><\/div>\n\n\n\n<ul class=\"wp-block-list\">\n<li><a href=\"\/en\/glossar\/t90\/\">T90<\/a><\/li>\n\n\n\n<li><a href=\"https:\/\/www.tischlerei-beelitz.com\/en\/glossar\/t30-rs-tuer\/\">T30 RS door<\/a><\/li>\n\n\n\n<li><a href=\"https:\/\/www.tischlerei-beelitz.com\/en\/glossar\/t30-aussentuer\/\">T30 external door<\/a><\/li>\n<\/ul>\n<\/div><\/div>\n\n\n\n<div id=\"u\" class=\"wp-block-uagb-container uagb-layout-flex uagb-block-6f405e97 alignfull uagb-is-root-container\"><div class=\"uagb-container-inner-blocks-wrap\">\n<div class=\"wp-block-uagb-advanced-heading uagb-block-bd514e9c\"><h2 class=\"uagb-heading-text\">U<\/h2><\/div>\n\n\n\n<ul class=\"wp-block-list\">\n<li><\/li>\n<\/ul>\n<\/div><\/div>\n\n\n\n<div id=\"v\" class=\"wp-block-uagb-container uagb-layout-flex uagb-block-2a9abfd0 alignfull uagb-is-root-container\"><div class=\"uagb-container-inner-blocks-wrap\">\n<div class=\"wp-block-uagb-advanced-heading uagb-block-f6d6f296\"><h2 class=\"uagb-heading-text\">V<\/h2><\/div>\n\n\n\n<ul class=\"wp-block-list\">\n<li><a href=\"https:\/\/www.tischlerei-beelitz.com\/en\/glossar\/vorbeugender-brandschutz\/\">Preventive fire protection<\/a><\/li>\n<\/ul>\n<\/div><\/div>\n\n\n\n<div id=\"w\" class=\"wp-block-uagb-container uagb-layout-flex uagb-block-313219fe alignfull uagb-is-root-container\"><div class=\"uagb-container-inner-blocks-wrap\">\n<div class=\"wp-block-uagb-advanced-heading uagb-block-30686e1e\"><h2 class=\"uagb-heading-text\">W<\/h2><\/div>\n\n\n\n<ul class=\"wp-block-list\">\n<li><\/li>\n<\/ul>\n<\/div><\/div>\n\n\n\n<div id=\"x\" class=\"wp-block-uagb-container uagb-layout-flex uagb-block-8a9aeaf6 alignfull uagb-is-root-container\"><div class=\"uagb-container-inner-blocks-wrap\">\n<div class=\"wp-block-uagb-advanced-heading uagb-block-0768b5fd\"><h2 class=\"uagb-heading-text\">X<\/h2><\/div>\n\n\n\n<ul class=\"wp-block-list\">\n<li><\/li>\n<\/ul>\n<\/div><\/div>\n\n\n\n<div id=\"y\" class=\"wp-block-uagb-container uagb-layout-flex uagb-block-05d5e9db alignfull uagb-is-root-container\"><div class=\"uagb-container-inner-blocks-wrap\">\n<div class=\"wp-block-uagb-advanced-heading uagb-block-61a3f3b4\"><h2 class=\"uagb-heading-text\">Y<\/h2><\/div>\n\n\n\n<ul class=\"wp-block-list\">\n<li><\/li>\n<\/ul>\n<\/div><\/div>\n\n\n\n<div id=\"z\" class=\"wp-block-uagb-container uagb-layout-flex uagb-block-6fbcb17d alignfull uagb-is-root-container\"><div class=\"uagb-container-inner-blocks-wrap\">\n<div class=\"wp-block-uagb-advanced-heading uagb-block-9728dd6d\"><h2 class=\"uagb-heading-text\">Z<\/h2><\/div>\n\n\n\n<ul class=\"wp-block-list\">\n<li><\/li>\n<\/ul>\n<\/div><\/div>\n<\/div>\n<\/div><\/div>","protected":false},"excerpt":{"rendered":"<p>Glossary A B C D E F G H I J K L M N O P Q R S [...]<\/p>","protected":false},"author":12,"featured_media":0,"parent":0,"menu_order":0,"comment_status":"closed","ping_status":"closed","template":"","meta":{"_acf_changed":false,"inline_featured_image":false,"_uag_custom_page_level_css":"","site-sidebar-layout":"default","site-content-layout":"","ast-site-content-layout":"default","site-content-style":"default","site-sidebar-style":"default","ast-global-header-display":"","ast-banner-title-visibility":"","ast-main-header-display":"","ast-hfb-above-header-display":"","ast-hfb-below-header-display":"","ast-hfb-mobile-header-display":"","site-post-title":"","ast-breadcrumbs-content":"","ast-featured-img":"","footer-sml-layout":"","ast-disable-related-posts":"","theme-transparent-header-meta":"","adv-header-id-meta":"","stick-header-meta":"","header-above-stick-meta":"","header-main-stick-meta":"","header-below-stick-meta":"","astra-migrate-meta-layouts":"default","ast-page-background-enabled":"default","ast-page-background-meta":{"desktop":{"background-color":"var(--ast-global-color-4)","background-image":"","background-repeat":"repeat","background-position":"center center","background-size":"auto","background-attachment":"scroll","background-type":"","background-media":"","overlay-type":"","overlay-color":"","overlay-opacity":"","overlay-gradient":""},"tablet":{"background-color":"","background-image":"","background-repeat":"repeat","background-position":"center center","background-size":"auto","background-attachment":"scroll","background-type":"","background-media":"","overlay-type":"","overlay-color":"","overlay-opacity":"","overlay-gradient":""},"mobile":{"background-color":"","background-image":"","background-repeat":"repeat","background-position":"center center","background-size":"auto","background-attachment":"scroll","background-type":"","background-media":"","overlay-type":"","overlay-color":"","overlay-opacity":"","overlay-gradient":""}},"ast-content-background-meta":{"desktop":{"background-color":"var(--ast-global-color-5)","background-image":"","background-repeat":"repeat","background-position":"center center","background-size":"auto","background-attachment":"scroll","background-type":"","background-media":"","overlay-type":"","overlay-color":"","overlay-opacity":"","overlay-gradient":""},"tablet":{"background-color":"var(--ast-global-color-5)","background-image":"","background-repeat":"repeat","background-position":"center center","background-size":"auto","background-attachment":"scroll","background-type":"","background-media":"","overlay-type":"","overlay-color":"","overlay-opacity":"","overlay-gradient":""},"mobile":{"background-color":"var(--ast-global-color-5)","background-image":"","background-repeat":"repeat","background-position":"center center","background-size":"auto","background-attachment":"scroll","background-type":"","background-media":"","overlay-type":"","overlay-color":"","overlay-opacity":"","overlay-gradient":""}},"footnotes":""},"class_list":["post-2032","page","type-page","status-publish","hentry"],"acf":[],"yoast_head":"<!-- This site is optimized with the Yoast SEO plugin v26.9 - https:\/\/yoast.com\/product\/yoast-seo-wordpress\/ -->\n<title>Glossar \u2013 Fachbegriffe Brandschutz T\u00fcren &amp; Fenster<\/title>\n<meta name=\"description\" content=\"Glossar f\u00fcr Brandschutz: Wichtige Begriffe rund um T\u00fcren und Fenster f\u00fcr Gesch\u00e4ftskunden. Kompakt erkl\u00e4rt von Brandschutztischlerei Beelitz.\" \/>\n<meta name=\"robots\" content=\"index, follow, max-snippet:-1, max-image-preview:large, max-video-preview:-1\" \/>\n<link rel=\"canonical\" href=\"https:\/\/www.tischlerei-beelitz.com\/en\/glossar\/\" \/>\n<meta property=\"og:locale\" content=\"en_GB\" \/>\n<meta property=\"og:type\" content=\"article\" \/>\n<meta property=\"og:title\" content=\"Glossar \u2013 Fachbegriffe Brandschutz T\u00fcren &amp; Fenster\" \/>\n<meta property=\"og:description\" content=\"Glossar f\u00fcr Brandschutz: Wichtige Begriffe rund um T\u00fcren und Fenster f\u00fcr Gesch\u00e4ftskunden. Kompakt erkl\u00e4rt von Brandschutztischlerei Beelitz.\" \/>\n<meta property=\"og:url\" content=\"https:\/\/www.tischlerei-beelitz.com\/en\/glossar\/\" \/>\n<meta property=\"article:publisher\" content=\"https:\/\/www.facebook.com\/mbbrandschutztischlerei\/\" \/>\n<meta property=\"article:modified_time\" content=\"2026-03-05T13:25:18+00:00\" \/>\n<meta property=\"og:image\" content=\"https:\/\/www.tischlerei-beelitz.com\/wp-content\/uploads\/2025\/05\/brandschutz-hinweise-und-verhalten-im-brandfall.jpeg\" \/>\n\t<meta property=\"og:image:width\" content=\"1024\" \/>\n\t<meta property=\"og:image:height\" content=\"280\" \/>\n\t<meta property=\"og:image:type\" content=\"image\/jpeg\" \/>\n<meta name=\"twitter:card\" content=\"summary_large_image\" \/>\n<meta name=\"twitter:label1\" content=\"Estimated reading time\" \/>\n\t<meta name=\"twitter:data1\" content=\"1 minute\" \/>\n<script type=\"application\/ld+json\" class=\"yoast-schema-graph\">{\"@context\":\"https:\/\/schema.org\",\"@graph\":[{\"@type\":\"WebPage\",\"@id\":\"https:\/\/www.tischlerei-beelitz.com\/glossar\/\",\"url\":\"https:\/\/www.tischlerei-beelitz.com\/glossar\/\",\"name\":\"Glossar \u2013 Fachbegriffe Brandschutz T\u00fcren & Fenster\",\"isPartOf\":{\"@id\":\"https:\/\/www.tischlerei-beelitz.com\/#website\"},\"datePublished\":\"2025-11-28T12:43:13+00:00\",\"dateModified\":\"2026-03-05T13:25:18+00:00\",\"description\":\"Glossar f\u00fcr Brandschutz: Wichtige Begriffe rund um T\u00fcren und Fenster f\u00fcr Gesch\u00e4ftskunden. Kompakt erkl\u00e4rt von Brandschutztischlerei Beelitz.\",\"breadcrumb\":{\"@id\":\"https:\/\/www.tischlerei-beelitz.com\/glossar\/#breadcrumb\"},\"inLanguage\":\"en-GB\",\"potentialAction\":[{\"@type\":\"ReadAction\",\"target\":[\"https:\/\/www.tischlerei-beelitz.com\/glossar\/\"]}]},{\"@type\":\"BreadcrumbList\",\"@id\":\"https:\/\/www.tischlerei-beelitz.com\/glossar\/#breadcrumb\",\"itemListElement\":[{\"@type\":\"ListItem\",\"position\":1,\"name\":\"Startseite\",\"item\":\"https:\/\/www.tischlerei-beelitz.com\/\"},{\"@type\":\"ListItem\",\"position\":2,\"name\":\"Glossar\"}]},{\"@type\":\"WebSite\",\"@id\":\"https:\/\/www.tischlerei-beelitz.com\/#website\",\"url\":\"https:\/\/www.tischlerei-beelitz.com\/\",\"name\":\"www.tischlerei-beelitz.com\",\"description\":\"\",\"publisher\":{\"@id\":\"https:\/\/www.tischlerei-beelitz.com\/#organization\"},\"potentialAction\":[{\"@type\":\"SearchAction\",\"target\":{\"@type\":\"EntryPoint\",\"urlTemplate\":\"https:\/\/www.tischlerei-beelitz.com\/?s={search_term_string}\"},\"query-input\":{\"@type\":\"PropertyValueSpecification\",\"valueRequired\":true,\"valueName\":\"search_term_string\"}}],\"inLanguage\":\"en-GB\"},{\"@type\":\"Organization\",\"@id\":\"https:\/\/www.tischlerei-beelitz.com\/#organization\",\"name\":\"MB Brandschutztischlerei Beelitz GmbH\",\"url\":\"https:\/\/www.tischlerei-beelitz.com\/\",\"logo\":{\"@type\":\"ImageObject\",\"inLanguage\":\"en-GB\",\"@id\":\"https:\/\/www.tischlerei-beelitz.com\/#\/schema\/logo\/image\/\",\"url\":\"https:\/\/www.tischlerei-beelitz.com\/wp-content\/uploads\/2025\/05\/logo-brandschutz-tischlerei-beelitz.png\",\"contentUrl\":\"https:\/\/www.tischlerei-beelitz.com\/wp-content\/uploads\/2025\/05\/logo-brandschutz-tischlerei-beelitz.png\",\"width\":300,\"height\":263,\"caption\":\"MB Brandschutztischlerei Beelitz GmbH\"},\"image\":{\"@id\":\"https:\/\/www.tischlerei-beelitz.com\/#\/schema\/logo\/image\/\"},\"sameAs\":[\"https:\/\/www.facebook.com\/mbbrandschutztischlerei\/\",\"https:\/\/www.instagram.com\/mb_brandschutztischlerei\/\"]}]}<\/script>\n<!-- \/ Yoast SEO plugin. -->","yoast_head_json":{"title":"Glossary - Technical terms fire protection doors &amp; windows","description":"Glossary for fire protection: Important terms relating to doors and windows for business customers. Compactly explained by Brandschutztischlerei Beelitz.","robots":{"index":"index","follow":"follow","max-snippet":"max-snippet:-1","max-image-preview":"max-image-preview:large","max-video-preview":"max-video-preview:-1"},"canonical":"https:\/\/www.tischlerei-beelitz.com\/en\/glossar\/","og_locale":"en_GB","og_type":"article","og_title":"Glossar \u2013 Fachbegriffe Brandschutz T\u00fcren & Fenster","og_description":"Glossar f\u00fcr Brandschutz: Wichtige Begriffe rund um T\u00fcren und Fenster f\u00fcr Gesch\u00e4ftskunden. Kompakt erkl\u00e4rt von Brandschutztischlerei Beelitz.","og_url":"https:\/\/www.tischlerei-beelitz.com\/en\/glossar\/","article_publisher":"https:\/\/www.facebook.com\/mbbrandschutztischlerei\/","article_modified_time":"2026-03-05T13:25:18+00:00","og_image":[{"width":1024,"height":280,"url":"https:\/\/www.tischlerei-beelitz.com\/wp-content\/uploads\/2025\/05\/brandschutz-hinweise-und-verhalten-im-brandfall.jpeg","type":"image\/jpeg"}],"twitter_card":"summary_large_image","twitter_misc":{"Estimated reading time":"1 minute"},"schema":{"@context":"https:\/\/schema.org","@graph":[{"@type":"WebPage","@id":"https:\/\/www.tischlerei-beelitz.com\/glossar\/","url":"https:\/\/www.tischlerei-beelitz.com\/glossar\/","name":"Glossary - Technical terms fire protection doors &amp; windows","isPartOf":{"@id":"https:\/\/www.tischlerei-beelitz.com\/#website"},"datePublished":"2025-11-28T12:43:13+00:00","dateModified":"2026-03-05T13:25:18+00:00","description":"Glossary for fire protection: Important terms relating to doors and windows for business customers. Compactly explained by Brandschutztischlerei Beelitz.","breadcrumb":{"@id":"https:\/\/www.tischlerei-beelitz.com\/glossar\/#breadcrumb"},"inLanguage":"en-GB","potentialAction":[{"@type":"ReadAction","target":["https:\/\/www.tischlerei-beelitz.com\/glossar\/"]}]},{"@type":"BreadcrumbList","@id":"https:\/\/www.tischlerei-beelitz.com\/glossar\/#breadcrumb","itemListElement":[{"@type":"ListItem","position":1,"name":"Startseite","item":"https:\/\/www.tischlerei-beelitz.com\/"},{"@type":"ListItem","position":2,"name":"Glossar"}]},{"@type":"WebSite","@id":"https:\/\/www.tischlerei-beelitz.com\/#website","url":"https:\/\/www.tischlerei-beelitz.com\/","name":"www.tischlerei-beelitz.com","description":"","publisher":{"@id":"https:\/\/www.tischlerei-beelitz.com\/#organization"},"potentialAction":[{"@type":"SearchAction","target":{"@type":"EntryPoint","urlTemplate":"https:\/\/www.tischlerei-beelitz.com\/?s={search_term_string}"},"query-input":{"@type":"PropertyValueSpecification","valueRequired":true,"valueName":"search_term_string"}}],"inLanguage":"en-GB"},{"@type":"Organization","@id":"https:\/\/www.tischlerei-beelitz.com\/#organization","name":"MB Brandschutztischlerei Beelitz GmbH","url":"https:\/\/www.tischlerei-beelitz.com\/","logo":{"@type":"ImageObject","inLanguage":"en-GB","@id":"https:\/\/www.tischlerei-beelitz.com\/#\/schema\/logo\/image\/","url":"https:\/\/www.tischlerei-beelitz.com\/wp-content\/uploads\/2025\/05\/logo-brandschutz-tischlerei-beelitz.png","contentUrl":"https:\/\/www.tischlerei-beelitz.com\/wp-content\/uploads\/2025\/05\/logo-brandschutz-tischlerei-beelitz.png","width":300,"height":263,"caption":"MB Brandschutztischlerei Beelitz GmbH"},"image":{"@id":"https:\/\/www.tischlerei-beelitz.com\/#\/schema\/logo\/image\/"},"sameAs":["https:\/\/www.facebook.com\/mbbrandschutztischlerei\/","https:\/\/www.instagram.com\/mb_brandschutztischlerei\/"]}]}},"uagb_featured_image_src":{"full":false,"thumbnail":false,"medium":false,"medium_large":false,"large":false,"1536x1536":false,"2048x2048":false,"trp-custom-language-flag":false},"uagb_author_info":{"display_name":"dgh","author_link":"https:\/\/www.tischlerei-beelitz.com\/en\/author\/dgh\/"},"uagb_comment_info":0,"uagb_excerpt":"Glossar A B C D E F G H I J K L M N O P Q R S [&hellip;]","_links":{"self":[{"href":"https:\/\/www.tischlerei-beelitz.com\/en\/wp-json\/wp\/v2\/pages\/2032","targetHints":{"allow":["GET"]}}],"collection":[{"href":"https:\/\/www.tischlerei-beelitz.com\/en\/wp-json\/wp\/v2\/pages"}],"about":[{"href":"https:\/\/www.tischlerei-beelitz.com\/en\/wp-json\/wp\/v2\/types\/page"}],"author":[{"embeddable":true,"href":"https:\/\/www.tischlerei-beelitz.com\/en\/wp-json\/wp\/v2\/users\/12"}],"replies":[{"embeddable":true,"href":"https:\/\/www.tischlerei-beelitz.com\/en\/wp-json\/wp\/v2\/comments?post=2032"}],"version-history":[{"count":10,"href":"https:\/\/www.tischlerei-beelitz.com\/en\/wp-json\/wp\/v2\/pages\/2032\/revisions"}],"predecessor-version":[{"id":2225,"href":"https:\/\/www.tischlerei-beelitz.com\/en\/wp-json\/wp\/v2\/pages\/2032\/revisions\/2225"}],"wp:attachment":[{"href":"https:\/\/www.tischlerei-beelitz.com\/en\/wp-json\/wp\/v2\/media?parent=2032"}],"curies":[{"name":"wp","href":"https:\/\/api.w.org\/{rel}","templated":true}]}}